{"id":26323,"date":"2020-01-31T19:52:19","date_gmt":"2020-02-01T00:52:19","guid":{"rendered":"https:\/\/bundle-test2.verduyntarps.ca\/product\/couchette-a-ressorts-3-pre-emballage-robuste"},"modified":"2025-10-01T00:26:15","modified_gmt":"2025-10-01T04:26:15","slug":"couchette-a-ressorts-3-pre-emballage-robuste","status":"publish","type":"product","link":"https:\/\/bundle-test2.verduyntarps.ca\/fr\/shop\/couchette-a-ressorts-3-pre-emballage-robuste","title":{"rendered":"Couchette \u00e0 ressorts &#8211; 3&#8243; Pr\u00e9-emballage robuste"},"content":{"rendered":"<p class=\"x_MsoNormal\">Chaque transporteur d\u2019acier a besoin de nos couchettes \u00e0 bobines robustes, ne transportez jamais de bobines sans elles. En r\u00e8gle g\u00e9n\u00e9rale, les pilotes en utilisent 2 et parfois 3 par bobine. Nos couchettes \u00e0 ressorts robustes sont la solution ultime pour le transport s\u00e9curis\u00e9 des bobines d\u2019acier. Ils sont con\u00e7us dans un souci de durabilit\u00e9 et de fiabilit\u00e9, con\u00e7us pour r\u00e9sister aux rigueurs du transport de l\u2019acier. Nos couchettes \u00e0 ressorts, lorsqu\u2019elles sont utilis\u00e9es correctement avec notre bois biseaut\u00e9, nos cha\u00eenes et nos relieurs de cha\u00eenes, garantiront que les bobines sont transport\u00e9es en toute s\u00e9curit\u00e9.    <\/p>\n<p class=\"x_MsoNormal\">\n<p class=\"x_MsoNormal\"><b>Caract\u00e9ristiques principales&nbsp;:<\/b><\/p>\n<ul type=\"disc\">\n<li class=\"x_MsoNormal\"><b>Construction robuste :<\/b> Fabriqu\u00e9es \u00e0 partir d\u2019acier de haute qualit\u00e9, nos couchettes \u00e0 ressorts sont con\u00e7ues pour durer. Nos couchettes robustes offrent une r\u00e9sistance et une stabilit\u00e9 exceptionnelles, capables de g\u00e9rer les bobines les plus lourdes avec facilit\u00e9. <\/li>\n<li class=\"x_MsoNormal\"><b>Facilit\u00e9 d\u2019utilisation :<\/b> Con\u00e7ues pour \u00eatre pratiques, nos couchettes permettent un chargement et un d\u00e9chargement rapides et faciles des bobines.<\/li>\n<li class=\"x_MsoNormal\"><b>R\u00e9sistance \u00e0 la corrosion :<\/b> Finies avec un rev\u00eatement durable, nos couchettes \u00e0 ressorts sont r\u00e9sistantes \u00e0 la rouille et \u00e0 la corrosion. Cela garantit une dur\u00e9e de vie plus longue et maintient l\u2019int\u00e9grit\u00e9 des couchettes dans divers environnements. <\/li>\n<li class=\"x_MsoNormal\"><b>Solution rentable :<\/b> Investir dans nos couchettes \u00e0 ressorts robustes signifie investir dans la s\u00e9curit\u00e9 et l\u2019efficacit\u00e9 \u00e0 long terme. En prot\u00e9geant vos ressorts ou ceux de vos clients, nos couchettes contribuent \u00e0 la s\u00e9curit\u00e9 du transport de ce produit. <\/li>\n<\/ul>\n","protected":false},"excerpt":{"rendered":"<p>La bobine de bobine robuste\/bobine est utilis\u00e9e en combinaison avec du bois de 4 \u00ab&nbsp;x 4&nbsp;\u00bb pour stabiliser les bobines m\u00e9talliques dans le processus d\u2019arrimage de la cargaison afin de vous fournir une attache stable.<\/p>\n","protected":false},"featured_media":24462,"comment_status":"open","ping_status":"closed","template":"","meta":{"_acf_changed":false,"om_disable_all_campaigns":false,"site-sidebar-layout":"default","site-content-layout":"default","ast-site-content-layout":"default","site-content-style":"default","site-sidebar-style":"default","ast-global-header-display":"","ast-banner-title-visibility":"","ast-main-header-display":"","ast-hfb-above-header-display":"","ast-hfb-below-header-display":"","ast-hfb-mobile-header-display":"","site-post-title":"","ast-breadcrumbs-content":"","ast-featured-img":"","footer-sml-layout":"","ast-disable-related-posts":"","theme-transparent-header-meta":"default","adv-header-id-meta":"","stick-header-meta":"default","header-above-stick-meta":"","header-main-stick-meta":"","header-below-stick-meta":"","astra-migrate-meta-layouts":"default","ast-page-background-enabled":"default","ast-page-background-meta":{"desktop":{"background-color":"","background-image":"","background-repeat":"repeat","background-position":"center center","background-size":"auto","background-attachment":"scroll","background-type":"","background-media":"","overlay-type":"","overlay-color":"","overlay-opacity":"","overlay-gradient":""},"tablet":{"background-color":"","background-image":"","background-repeat":"repeat","background-position":"center center","background-size":"auto","background-attachment":"scroll","background-type":"","background-media":"","overlay-type":"","overlay-color":"","overlay-opacity":"","overlay-gradient":""},"mobile":{"background-color":"","background-image":"","background-repeat":"repeat","background-position":"center center","background-size":"auto","background-attachment":"scroll","background-type":"","background-media":"","overlay-type":"","overlay-color":"","overlay-opacity":"","overlay-gradient":""}},"ast-content-background-meta":{"desktop":{"background-color":"var(--ast-global-color-5)","background-image":"","background-repeat":"repeat","background-position":"center center","background-size":"auto","background-attachment":"scroll","background-type":"","background-media":"","overlay-type":"","overlay-color":"","overlay-opacity":"","overlay-gradient":""},"tablet":{"background-color":"var(--ast-global-color-5)","background-image":"","background-repeat":"repeat","background-position":"center center","background-size":"auto","background-attachment":"scroll","background-type":"","background-media":"","overlay-type":"","overlay-color":"","overlay-opacity":"","overlay-gradient":""},"mobile":{"background-color":"var(--ast-global-color-5)","background-image":"","background-repeat":"repeat","background-position":"center center","background-size":"auto","background-attachment":"scroll","background-type":"","background-media":"","overlay-type":"","overlay-color":"","overlay-opacity":"","overlay-gradient":""}}},"product_brand":[],"product_cat":[604,591],"product_tag":[866,687],"class_list":{"0":"post-26323","1":"product","2":"type-product","3":"status-publish","4":"has-post-thumbnail","6":"product_cat-accessoires-de-transport-dacier","7":"product_cat-equipement-de-chargement","8":"product_tag-enrouler","9":"product_tag-transport-dacier","10":"desktop-align-center","11":"tablet-align-center","12":"mobile-align-center","13":"ast-product-gallery-layout-horizontal","14":"ast-product-tabs-layout-horizontal","16":"first","17":"instock","18":"taxable","19":"shipping-taxable","20":"purchasable","21":"product-type-simple"},"acf":[],"gallery_images":[24463,25174],"_links":{"self":[{"href":"https:\/\/bundle-test2.verduyntarps.ca\/fr\/wp-json\/wp\/v2\/product\/26323","targetHints":{"allow":["GET"]}}],"collection":[{"href":"https:\/\/bundle-test2.verduyntarps.ca\/fr\/wp-json\/wp\/v2\/product"}],"about":[{"href":"https:\/\/bundle-test2.verduyntarps.ca\/fr\/wp-json\/wp\/v2\/types\/product"}],"replies":[{"embeddable":true,"href":"https:\/\/bundle-test2.verduyntarps.ca\/fr\/wp-json\/wp\/v2\/comments?post=26323"}],"wp:featuredmedia":[{"embeddable":true,"href":"https:\/\/bundle-test2.verduyntarps.ca\/fr\/wp-json\/wp\/v2\/media\/24462"}],"wp:attachment":[{"href":"https:\/\/bundle-test2.verduyntarps.ca\/fr\/wp-json\/wp\/v2\/media?parent=26323"}],"wp:term":[{"taxonomy":"product_brand","embeddable":true,"href":"https:\/\/bundle-test2.verduyntarps.ca\/fr\/wp-json\/wp\/v2\/product_brand?post=26323"},{"taxonomy":"product_cat","embeddable":true,"href":"https:\/\/bundle-test2.verduyntarps.ca\/fr\/wp-json\/wp\/v2\/product_cat?post=26323"},{"taxonomy":"product_tag","embeddable":true,"href":"https:\/\/bundle-test2.verduyntarps.ca\/fr\/wp-json\/wp\/v2\/product_tag?post=26323"}],"curies":[{"name":"wp","href":"https:\/\/api.w.org\/{rel}","templated":true}]}}