{"id":26318,"date":"2020-01-24T16:34:07","date_gmt":"2020-01-24T21:34:07","guid":{"rendered":"https:\/\/bundle-test2.verduyntarps.ca\/product\/rampe-de-8-simple"},"modified":"2020-01-24T16:34:07","modified_gmt":"2020-01-24T21:34:07","slug":"rampe-de-8-simple","status":"publish","type":"product","link":"https:\/\/bundle-test2.verduyntarps.ca\/fr\/shop\/rampe-de-8-simple","title":{"rendered":"Rampe de 8&#8242; &#8211; Simple"},"content":{"rendered":"<div>L\u2019une des meilleures caract\u00e9ristiques des remorques \u00e0 plateau de marche est leur diversit\u00e9. Pour maximiser le retour sur investissement de votre remorque \u00e0 plate-forme (et en outre maximiser vos profits), vous allez vouloir investir dans ces rampes ! <\/div>\n<div>Avec nos rampes, vous b\u00e9n\u00e9ficierez d\u2019un double avantage de votre investissement &#8211; nos rampes peuvent \u00e9galement \u00eatre converties en niveleurs de charge ! Il n\u2019y a vraiment rien qui se compare \u00e0 eux. Ces rampes sont sp\u00e9cialement construites pour supporter le poids le long de l ! C\u00f4t\u00e9s R afin qu\u2019ils puissent \u00eatre utilis\u00e9s comme niveleurs de charge sur les remorques \u00e0 \u00e9tage. Utilisez-les avec des poches \u00e0 piquets, des pinces \u00e0 bois, des cha\u00eenes et des entretoises en option pour \u00e9quilibrer votre charge au besoin. Les supports de suspension de rampe en option permettent de les ranger facilement sous votre remorque.    <\/div>\n<div>Ces rampes de remorque \u00e0 plateau de 8 pieds de long font partie d\u2019un syst\u00e8me de rampe polyvalent pour charger des tracteurs, des chargeurs, des camions et de l\u2019\u00e9quipement lourd sur des remorques \u00e0 plateau, des quais de chargement ou des remorques \u00e0 plateau. Fabriqu\u00e9e en aluminium l\u00e9ger et \u00e0 haute r\u00e9sistance, cette paire de rampes est facile \u00e0 installer et peut supporter jusqu\u2019\u00e0 23 500 livres par essieu. <\/div>\n<div>Ces rampes robustes sont dot\u00e9es d\u2019un orteil tronqu\u00e9 renforc\u00e9 afin qu\u2019elles puissent \u00eatre utilis\u00e9es comme un syst\u00e8me modulaire ou comme des rampes de 8 pieds \u00e0 l\u2019arri\u00e8re d\u2019une remorque. L\u2019embout tronqu\u00e9 emp\u00eache \u00e9galement les rampes de se plier sous le poids de charges lourdes. Chaque rampe ne p\u00e8se que 94 livres, ce qui permet de les installer rapidement et facilement par une seule personne sans utiliser de machinerie lourde.  <\/div>\n<div>Lorsque vous chargez de l\u2019\u00e9quipement lourd, des v\u00e9hicules militaires ou de construction, ou des charges importantes similaires, utilisez des rampes con\u00e7ues pour cette t\u00e2che avec une capacit\u00e9 de 23 500 lb par essieu. Ces rampes en aluminium soud\u00e9 ont une r\u00e9sistance similaire \u00e0 celle de l\u2019acier sans le poids encombrant. Une ou deux personnes peuvent d\u00e9placer ces rampes sans utiliser de chariot \u00e9l\u00e9vateur, ce qui en fait un atout pratique \u00e0 avoir pour n\u2019importe quel travail.   <\/div>\n<div>Fonctionnalit\u00e9s:<\/div>\n<div>\u00b7 Construction en aluminium<\/div>\n<div>\u00b7 Mesure 8 pi L x 20 po l (chacun)<\/div>\n<div>\u00b7 Extr\u00e9mit\u00e9s doubles \u00e0 goupille<\/div>\n<div aria-hidden=\"true\"><\/div>\n<div>Directives d\u2019utilisation :<\/div>\n<div>Non recommand\u00e9 pour les camions \u00e9quip\u00e9s de grues mont\u00e9es, les chariots \u00e9l\u00e9vateurs ou les v\u00e9hicules \u00e0 chenilles en acier. Ne d\u00e9passez jamais la capacit\u00e9 maximale de l\u2019essieu de ce syst\u00e8me de rampe. Les rampes d\u2019extr\u00e9mit\u00e9 de goupille doivent \u00eatre \u00e9pingl\u00e9es sur les supports de si\u00e8ge de glissement avant d\u2019utiliser les rampes. La meilleure fa\u00e7on de d\u00e9terminer le poids par essieu de votre v\u00e9hicule est de conduire l\u2019essieu le plus lourd du v\u00e9hicule sur une balance. Normalement, l\u2019avant du camion est le poids par essieu le plus lourd \u00e0 cause du moteur.    <\/div>\n<div aria-hidden=\"true\"><\/div>\n<div>Vous avez besoin d\u2019aide pour d\u00e9terminer les composants dont vous avez besoin ? Appelez Verduyn Tarps d\u00e8s aujourd\u2019hui ! <\/div>\n","protected":false},"excerpt":{"rendered":"<p>Combo rampe de chargement et niveleur 20&nbsp;\u00bb x 96&nbsp;\u00bb &#8211; Capacit\u00e9 23 500<\/p>\n<p>Vendu \u00e0 l\u2019unit\u00e9.<\/p>\n","protected":false},"featured_media":24431,"comment_status":"open","ping_status":"closed","template":"","meta":{"_acf_changed":false,"om_disable_all_campaigns":false,"site-sidebar-layout":"default","site-content-layout":"default","ast-site-content-layout":"default","site-content-style":"default","site-sidebar-style":"default","ast-global-header-display":"","ast-banner-title-visibility":"","ast-main-header-display":"","ast-hfb-above-header-display":"","ast-hfb-below-header-display":"","ast-hfb-mobile-header-display":"","site-post-title":"","ast-breadcrumbs-content":"","ast-featured-img":"","footer-sml-layout":"","ast-disable-related-posts":"","theme-transparent-header-meta":"default","adv-header-id-meta":"","stick-header-meta":"default","header-above-stick-meta":"","header-main-stick-meta":"","header-below-stick-meta":"","astra-migrate-meta-layouts":"default","ast-page-background-enabled":"default","ast-page-background-meta":{"desktop":{"background-color":"","background-image":"","background-repeat":"repeat","background-position":"center center","background-size":"auto","background-attachment":"scroll","background-type":"","background-media":"","overlay-type":"","overlay-color":"","overlay-opacity":"","overlay-gradient":""},"tablet":{"background-color":"","background-image":"","background-repeat":"repeat","background-position":"center center","background-size":"auto","background-attachment":"scroll","background-type":"","background-media":"","overlay-type":"","overlay-color":"","overlay-opacity":"","overlay-gradient":""},"mobile":{"background-color":"","background-image":"","background-repeat":"repeat","background-position":"center center","background-size":"auto","background-attachment":"scroll","background-type":"","background-media":"","overlay-type":"","overlay-color":"","overlay-opacity":"","overlay-gradient":""}},"ast-content-background-meta":{"desktop":{"background-color":"var(--ast-global-color-5)","background-image":"","background-repeat":"repeat","background-position":"center center","background-size":"auto","background-attachment":"scroll","background-type":"","background-media":"","overlay-type":"","overlay-color":"","overlay-opacity":"","overlay-gradient":""},"tablet":{"background-color":"var(--ast-global-color-5)","background-image":"","background-repeat":"repeat","background-position":"center center","background-size":"auto","background-attachment":"scroll","background-type":"","background-media":"","overlay-type":"","overlay-color":"","overlay-opacity":"","overlay-gradient":""},"mobile":{"background-color":"var(--ast-global-color-5)","background-image":"","background-repeat":"repeat","background-position":"center center","background-size":"auto","background-attachment":"scroll","background-type":"","background-media":"","overlay-type":"","overlay-color":"","overlay-opacity":"","overlay-gradient":""}}},"product_brand":[],"product_cat":[633,638],"product_tag":[],"class_list":{"0":"post-26318","1":"product","2":"type-product","3":"status-publish","4":"has-post-thumbnail","6":"product_cat-accessoires-pour-camions-remorques","7":"product_cat-rampes-niveleurs-de-charge","8":"desktop-align-center","9":"tablet-align-center","10":"mobile-align-center","11":"ast-product-gallery-layout-horizontal","12":"ast-product-tabs-layout-horizontal","14":"first","15":"instock","16":"taxable","17":"shipping-taxable","18":"purchasable","19":"product-type-simple"},"acf":[],"gallery_images":[24432],"_links":{"self":[{"href":"https:\/\/bundle-test2.verduyntarps.ca\/fr\/wp-json\/wp\/v2\/product\/26318","targetHints":{"allow":["GET"]}}],"collection":[{"href":"https:\/\/bundle-test2.verduyntarps.ca\/fr\/wp-json\/wp\/v2\/product"}],"about":[{"href":"https:\/\/bundle-test2.verduyntarps.ca\/fr\/wp-json\/wp\/v2\/types\/product"}],"replies":[{"embeddable":true,"href":"https:\/\/bundle-test2.verduyntarps.ca\/fr\/wp-json\/wp\/v2\/comments?post=26318"}],"wp:featuredmedia":[{"embeddable":true,"href":"https:\/\/bundle-test2.verduyntarps.ca\/fr\/wp-json\/wp\/v2\/media\/24431"}],"wp:attachment":[{"href":"https:\/\/bundle-test2.verduyntarps.ca\/fr\/wp-json\/wp\/v2\/media?parent=26318"}],"wp:term":[{"taxonomy":"product_brand","embeddable":true,"href":"https:\/\/bundle-test2.verduyntarps.ca\/fr\/wp-json\/wp\/v2\/product_brand?post=26318"},{"taxonomy":"product_cat","embeddable":true,"href":"https:\/\/bundle-test2.verduyntarps.ca\/fr\/wp-json\/wp\/v2\/product_cat?post=26318"},{"taxonomy":"product_tag","embeddable":true,"href":"https:\/\/bundle-test2.verduyntarps.ca\/fr\/wp-json\/wp\/v2\/product_tag?post=26318"}],"curies":[{"name":"wp","href":"https:\/\/api.w.org\/{rel}","templated":true}]}}