{"id":26275,"date":"2020-04-24T09:15:23","date_gmt":"2020-04-24T13:15:23","guid":{"rendered":"https:\/\/bundle-test2.verduyntarps.ca\/product\/ensemble-de-drapeau-davertissement-quickmount-rouge"},"modified":"2025-03-26T06:29:10","modified_gmt":"2025-03-26T10:29:10","slug":"ensemble-de-drapeau-davertissement-quickmount-rouge","status":"publish","type":"product","link":"https:\/\/bundle-test2.verduyntarps.ca\/fr\/shop\/ensemble-de-drapeau-davertissement-quickmount-rouge","title":{"rendered":"Ensemble de drapeau d\u2019avertissement Quickmount &#8211; Rouge"},"content":{"rendered":"<p>Drapeau d\u2019avertissement \u00e0 d\u00e9gagement rapide \u00e0 ressort en acier inoxydable 303. Rapide et facile. Livr\u00e9 avec un drapeau en jersey de maille durable 18 \u00ab&nbsp;x 18&nbsp;\u00bb qui est rempla\u00e7able. Le drapeau tourne librement sur le b\u00e2ton pour une visibilit\u00e9 maximale.<br \/>\n**N\u00e9cessite PN-10103 ou PN-10302 pour le montage.<\/p>\n","protected":false},"excerpt":{"rendered":"<p>Drapeau d\u2019avertissement rapide \u00e0 ressort rouge.<\/p>\n","protected":false},"featured_media":24543,"comment_status":"open","ping_status":"closed","template":"","meta":{"_acf_changed":false,"om_disable_all_campaigns":false,"site-sidebar-layout":"default","site-content-layout":"default","ast-site-content-layout":"default","site-content-style":"default","site-sidebar-style":"default","ast-global-header-display":"","ast-banner-title-visibility":"","ast-main-header-display":"","ast-hfb-above-header-display":"","ast-hfb-below-header-display":"","ast-hfb-mobile-header-display":"","site-post-title":"","ast-breadcrumbs-content":"","ast-featured-img":"","footer-sml-layout":"","ast-disable-related-posts":"","theme-transparent-header-meta":"default","adv-header-id-meta":"","stick-header-meta":"default","header-above-stick-meta":"","header-main-stick-meta":"","header-below-stick-meta":"","astra-migrate-meta-layouts":"default","ast-page-background-enabled":"default","ast-page-background-meta":{"desktop":{"background-color":"","background-image":"","background-repeat":"repeat","background-position":"center center","background-size":"auto","background-attachment":"scroll","background-type":"","background-media":"","overlay-type":"","overlay-color":"","overlay-opacity":"","overlay-gradient":""},"tablet":{"background-color":"","background-image":"","background-repeat":"repeat","background-position":"center center","background-size":"auto","background-attachment":"scroll","background-type":"","background-media":"","overlay-type":"","overlay-color":"","overlay-opacity":"","overlay-gradient":""},"mobile":{"background-color":"","background-image":"","background-repeat":"repeat","background-position":"center center","background-size":"auto","background-attachment":"scroll","background-type":"","background-media":"","overlay-type":"","overlay-color":"","overlay-opacity":"","overlay-gradient":""}},"ast-content-background-meta":{"desktop":{"background-color":"var(--ast-global-color-5)","background-image":"","background-repeat":"repeat","background-position":"center center","background-size":"auto","background-attachment":"scroll","background-type":"","background-media":"","overlay-type":"","overlay-color":"","overlay-opacity":"","overlay-gradient":""},"tablet":{"background-color":"var(--ast-global-color-5)","background-image":"","background-repeat":"repeat","background-position":"center center","background-size":"auto","background-attachment":"scroll","background-type":"","background-media":"","overlay-type":"","overlay-color":"","overlay-opacity":"","overlay-gradient":""},"mobile":{"background-color":"var(--ast-global-color-5)","background-image":"","background-repeat":"repeat","background-position":"center center","background-size":"auto","background-attachment":"scroll","background-type":"","background-media":"","overlay-type":"","overlay-color":"","overlay-opacity":"","overlay-gradient":""}}},"product_brand":[],"product_cat":[612,591,611],"product_tag":[],"class_list":{"0":"post-26275","1":"product","2":"type-product","3":"status-publish","4":"has-post-thumbnail","6":"product_cat-drapeaux-et-accessoires","7":"product_cat-equipement-de-chargement","8":"product_cat-surdimensionne","9":"desktop-align-center","10":"tablet-align-center","11":"mobile-align-center","12":"ast-product-gallery-layout-horizontal","13":"ast-product-tabs-layout-horizontal","15":"first","16":"instock","17":"taxable","18":"shipping-taxable","19":"purchasable","20":"product-type-simple"},"acf":[],"gallery_images":[18406],"_links":{"self":[{"href":"https:\/\/bundle-test2.verduyntarps.ca\/fr\/wp-json\/wp\/v2\/product\/26275","targetHints":{"allow":["GET"]}}],"collection":[{"href":"https:\/\/bundle-test2.verduyntarps.ca\/fr\/wp-json\/wp\/v2\/product"}],"about":[{"href":"https:\/\/bundle-test2.verduyntarps.ca\/fr\/wp-json\/wp\/v2\/types\/product"}],"replies":[{"embeddable":true,"href":"https:\/\/bundle-test2.verduyntarps.ca\/fr\/wp-json\/wp\/v2\/comments?post=26275"}],"wp:featuredmedia":[{"embeddable":true,"href":"https:\/\/bundle-test2.verduyntarps.ca\/fr\/wp-json\/wp\/v2\/media\/24543"}],"wp:attachment":[{"href":"https:\/\/bundle-test2.verduyntarps.ca\/fr\/wp-json\/wp\/v2\/media?parent=26275"}],"wp:term":[{"taxonomy":"product_brand","embeddable":true,"href":"https:\/\/bundle-test2.verduyntarps.ca\/fr\/wp-json\/wp\/v2\/product_brand?post=26275"},{"taxonomy":"product_cat","embeddable":true,"href":"https:\/\/bundle-test2.verduyntarps.ca\/fr\/wp-json\/wp\/v2\/product_cat?post=26275"},{"taxonomy":"product_tag","embeddable":true,"href":"https:\/\/bundle-test2.verduyntarps.ca\/fr\/wp-json\/wp\/v2\/product_tag?post=26275"}],"curies":[{"name":"wp","href":"https:\/\/api.w.org\/{rel}","templated":true}]}}