{"id":26056,"date":"2020-04-24T15:47:57","date_gmt":"2020-04-24T19:47:57","guid":{"rendered":"https:\/\/bundle-test2.verduyntarps.ca\/product\/sangle-a-cliquet-de-2-po-x-12-pi-avec-raccord-e-track"},"modified":"2020-04-24T15:47:57","modified_gmt":"2020-04-24T19:47:57","slug":"sangle-a-cliquet-de-2-po-x-12-pi-avec-raccord-e-track","status":"publish","type":"product","link":"https:\/\/bundle-test2.verduyntarps.ca\/fr\/shop\/sangle-a-cliquet-de-2-po-x-12-pi-avec-raccord-e-track","title":{"rendered":"Sangle \u00e0 cliquet de 2 po x 12 pi avec raccord E-Track"},"content":{"rendered":"<div>Sangle \u00e0 cliquet de 2 po x 12 pi avec raccord E-Track<\/div>\n<div><\/div>\n<div>S\u00e9curisez votre chargement en toute confiance \u00e0 l\u2019aide de notre sangle \u00e0 cliquet haut de gamme de 2 po par 12 pi avec ajustement E-Track. Con\u00e7ue pour la durabilit\u00e9 et la facilit\u00e9 d\u2019utilisation, notre sangle logistique est parfaite pour s\u00e9curiser les charges lourdes dans les fourgonnettes, les remorques ferm\u00e9es et autres v\u00e9hicules \u00e9quip\u00e9s de syst\u00e8mes E-track. Ces sangles \u00e0 cliquet fonctionnent avec des rails en E horizontaux et verticaux. Les E-tracks peuvent \u00eatre sur le sol ou le mur de votre remorque ferm\u00e9e. Certains de nos clients ont m\u00eame ajout\u00e9 ces sangles \u00e0 cliquet \u00e0 la t\u00eate de leur syst\u00e8me de b\u00e2chage. L\u2019une des principales raisons pour lesquelles les sangles d\u2019arrimage E-Track sont si populaires est leur capacit\u00e9 \u00e0 s\u00e9curiser rapidement la cargaison \u00e0 partir d\u2019une vari\u00e9t\u00e9 de points d\u2019ancrage diff\u00e9rents.     <\/div>\n<div><\/div>\n<div><b>Caract\u00e9ristiques principales&nbsp;:<\/b><\/div>\n<div><\/div>\n<div><b>Sangle en polyester haute r\u00e9sistance :<\/b> Notre sangle de 2 pouces de large est fabriqu\u00e9e \u00e0 partir de polyester de qualit\u00e9 industrielle, offrant une r\u00e9sistance et une r\u00e9sistance exceptionnelles \u00e0 l\u2019abrasion, garantissant que votre cargaison reste s\u00e9curis\u00e9e pendant le transport.<\/div>\n<div><b>Sangle de 12 pieds de longueur&nbsp;:<\/b> Offre une longueur suffisante pour une utilisation polyvalente, s\u2019adaptant \u00e0 diff\u00e9rentes tailles et configurations de charge.<\/div>\n<div><b>M\u00e9canisme \u00e0 cliquet facile \u00e0 utiliser :<\/b> La poign\u00e9e \u00e0 cliquet permet une tension rapide et sans effort, assurant une prise serr\u00e9e et s\u00fbre sur votre cargaison.<\/div>\n<div><b>Accastillage E-Track :<\/b> Compatibles avec les syst\u00e8mes E-track standard, ces raccords assurent une connexion fiable, ce qui facilite la fixation et le d\u00e9tachement de la sangle, selon les besoins.<\/div>\n<div><\/div>\n<div>Utilisez les meilleurs produits d\u2019arrimage de cargaison pour obtenir les meilleurs r\u00e9sultats.<\/div>\n","protected":false},"excerpt":{"rendered":"<p>Cet attachage est con\u00e7u pour r\u00e9pondre \u00e0 la plupart de vos besoins de chargement int\u00e9rieur de fourgonnette.<\/p>\n","protected":false},"featured_media":24732,"comment_status":"open","ping_status":"closed","template":"","meta":{"_acf_changed":false,"om_disable_all_campaigns":false,"site-sidebar-layout":"default","site-content-layout":"default","ast-site-content-layout":"default","site-content-style":"default","site-sidebar-style":"default","ast-global-header-display":"","ast-banner-title-visibility":"","ast-main-header-display":"","ast-hfb-above-header-display":"","ast-hfb-below-header-display":"","ast-hfb-mobile-header-display":"","site-post-title":"","ast-breadcrumbs-content":"","ast-featured-img":"","footer-sml-layout":"","ast-disable-related-posts":"","theme-transparent-header-meta":"default","adv-header-id-meta":"","stick-header-meta":"default","header-above-stick-meta":"","header-main-stick-meta":"","header-below-stick-meta":"","astra-migrate-meta-layouts":"default","ast-page-background-enabled":"default","ast-page-background-meta":{"desktop":{"background-color":"","background-image":"","background-repeat":"repeat","background-position":"center center","background-size":"auto","background-attachment":"scroll","background-type":"","background-media":"","overlay-type":"","overlay-color":"","overlay-opacity":"","overlay-gradient":""},"tablet":{"background-color":"","background-image":"","background-repeat":"repeat","background-position":"center center","background-size":"auto","background-attachment":"scroll","background-type":"","background-media":"","overlay-type":"","overlay-color":"","overlay-opacity":"","overlay-gradient":""},"mobile":{"background-color":"","background-image":"","background-repeat":"repeat","background-position":"center center","background-size":"auto","background-attachment":"scroll","background-type":"","background-media":"","overlay-type":"","overlay-color":"","overlay-opacity":"","overlay-gradient":""}},"ast-content-background-meta":{"desktop":{"background-color":"var(--ast-global-color-5)","background-image":"","background-repeat":"repeat","background-position":"center center","background-size":"auto","background-attachment":"scroll","background-type":"","background-media":"","overlay-type":"","overlay-color":"","overlay-opacity":"","overlay-gradient":""},"tablet":{"background-color":"var(--ast-global-color-5)","background-image":"","background-repeat":"repeat","background-position":"center center","background-size":"auto","background-attachment":"scroll","background-type":"","background-media":"","overlay-type":"","overlay-color":"","overlay-opacity":"","overlay-gradient":""},"mobile":{"background-color":"var(--ast-global-color-5)","background-image":"","background-repeat":"repeat","background-position":"center center","background-size":"auto","background-attachment":"scroll","background-type":"","background-media":"","overlay-type":"","overlay-color":"","overlay-opacity":"","overlay-gradient":""}}},"product_brand":[],"product_cat":[591,590],"product_tag":[],"class_list":{"0":"post-26056","1":"product","2":"type-product","3":"status-publish","4":"has-post-thumbnail","6":"product_cat-equipement-de-chargement","7":"product_cat-fourgon-dry","8":"desktop-align-center","9":"tablet-align-center","10":"mobile-align-center","11":"ast-product-gallery-layout-horizontal","12":"ast-product-gallery-with-no-image","13":"ast-product-tabs-layout-horizontal","15":"first","16":"instock","17":"taxable","18":"shipping-taxable","19":"purchasable","20":"product-type-simple"},"acf":[],"gallery_images":[],"_links":{"self":[{"href":"https:\/\/bundle-test2.verduyntarps.ca\/fr\/wp-json\/wp\/v2\/product\/26056","targetHints":{"allow":["GET"]}}],"collection":[{"href":"https:\/\/bundle-test2.verduyntarps.ca\/fr\/wp-json\/wp\/v2\/product"}],"about":[{"href":"https:\/\/bundle-test2.verduyntarps.ca\/fr\/wp-json\/wp\/v2\/types\/product"}],"replies":[{"embeddable":true,"href":"https:\/\/bundle-test2.verduyntarps.ca\/fr\/wp-json\/wp\/v2\/comments?post=26056"}],"wp:featuredmedia":[{"embeddable":true,"href":"https:\/\/bundle-test2.verduyntarps.ca\/fr\/wp-json\/wp\/v2\/media\/24732"}],"wp:attachment":[{"href":"https:\/\/bundle-test2.verduyntarps.ca\/fr\/wp-json\/wp\/v2\/media?parent=26056"}],"wp:term":[{"taxonomy":"product_brand","embeddable":true,"href":"https:\/\/bundle-test2.verduyntarps.ca\/fr\/wp-json\/wp\/v2\/product_brand?post=26056"},{"taxonomy":"product_cat","embeddable":true,"href":"https:\/\/bundle-test2.verduyntarps.ca\/fr\/wp-json\/wp\/v2\/product_cat?post=26056"},{"taxonomy":"product_tag","embeddable":true,"href":"https:\/\/bundle-test2.verduyntarps.ca\/fr\/wp-json\/wp\/v2\/product_tag?post=26056"}],"curies":[{"name":"wp","href":"https:\/\/api.w.org\/{rel}","templated":true}]}}