{"id":26040,"date":"2020-04-24T15:50:01","date_gmt":"2020-04-24T19:50:01","guid":{"rendered":"https:\/\/bundle-test2.verduyntarps.ca\/product\/protecteur-de-sangle-3"},"modified":"2020-04-24T15:50:01","modified_gmt":"2020-04-24T19:50:01","slug":"protecteur-de-sangle-3","status":"publish","type":"product","link":"https:\/\/bundle-test2.verduyntarps.ca\/fr\/shop\/protecteur-de-sangle-3","title":{"rendered":"Protecteur de sangle 3&#8243;"},"content":{"rendered":"<p>Sangle Taille&nbsp;: 2&nbsp;\u00bb \u00e0 3&nbsp;\u00bb Sangle, Longueur&nbsp;: 12 pouces<\/p>\n<p>Couleur&nbsp;: noir, grade&nbsp;: standard, mat\u00e9riau&nbsp;: caoutchouc<\/p>\n<p>Gaine de protection en caoutchouc. Les protecteurs en caoutchouc s\u2019adaptent \u00e0 la charge pour r\u00e9partir uniform\u00e9ment la charge. <\/p>\n<p>Remarque : La sangle doit \u00eatre enfil\u00e9e \u00e0 travers des protecteurs de toile captifs.<\/p>\n","protected":false},"excerpt":{"rendered":"<p>Prot\u00e8ge votre sangle contre l\u2019effilochage et les dommages.<\/p>\n","protected":false},"featured_media":24760,"comment_status":"open","ping_status":"closed","template":"","meta":{"_acf_changed":false,"om_disable_all_campaigns":false,"site-sidebar-layout":"default","site-content-layout":"default","ast-site-content-layout":"default","site-content-style":"default","site-sidebar-style":"default","ast-global-header-display":"","ast-banner-title-visibility":"","ast-main-header-display":"","ast-hfb-above-header-display":"","ast-hfb-below-header-display":"","ast-hfb-mobile-header-display":"","site-post-title":"","ast-breadcrumbs-content":"","ast-featured-img":"","footer-sml-layout":"","ast-disable-related-posts":"","theme-transparent-header-meta":"default","adv-header-id-meta":"","stick-header-meta":"","header-above-stick-meta":"","header-main-stick-meta":"","header-below-stick-meta":"","astra-migrate-meta-layouts":"default","ast-page-background-enabled":"default","ast-page-background-meta":{"desktop":{"background-color":"","background-image":"","background-repeat":"repeat","background-position":"center center","background-size":"auto","background-attachment":"scroll","background-type":"","background-media":"","overlay-type":"","overlay-color":"","overlay-opacity":"","overlay-gradient":""},"tablet":{"background-color":"","background-image":"","background-repeat":"repeat","background-position":"center center","background-size":"auto","background-attachment":"scroll","background-type":"","background-media":"","overlay-type":"","overlay-color":"","overlay-opacity":"","overlay-gradient":""},"mobile":{"background-color":"","background-image":"","background-repeat":"repeat","background-position":"center center","background-size":"auto","background-attachment":"scroll","background-type":"","background-media":"","overlay-type":"","overlay-color":"","overlay-opacity":"","overlay-gradient":""}},"ast-content-background-meta":{"desktop":{"background-color":"var(--ast-global-color-5)","background-image":"","background-repeat":"repeat","background-position":"center center","background-size":"auto","background-attachment":"scroll","background-type":"","background-media":"","overlay-type":"","overlay-color":"","overlay-opacity":"","overlay-gradient":""},"tablet":{"background-color":"var(--ast-global-color-5)","background-image":"","background-repeat":"repeat","background-position":"center center","background-size":"auto","background-attachment":"scroll","background-type":"","background-media":"","overlay-type":"","overlay-color":"","overlay-opacity":"","overlay-gradient":""},"mobile":{"background-color":"var(--ast-global-color-5)","background-image":"","background-repeat":"repeat","background-position":"center center","background-size":"auto","background-attachment":"scroll","background-type":"","background-media":"","overlay-type":"","overlay-color":"","overlay-opacity":"","overlay-gradient":""}}},"product_brand":[],"product_cat":[596,591,594],"product_tag":[],"class_list":{"0":"post-26040","1":"product","2":"type-product","3":"status-publish","4":"has-post-thumbnail","6":"product_cat-accessoires-de-sangle","7":"product_cat-equipement-de-chargement","8":"product_cat-sangles-darrimage","9":"desktop-align-center","10":"tablet-align-center","11":"mobile-align-center","12":"ast-product-gallery-layout-horizontal","13":"ast-product-tabs-layout-horizontal","15":"first","16":"instock","17":"taxable","18":"shipping-taxable","19":"purchasable","20":"product-type-simple"},"acf":[],"gallery_images":[18623],"_links":{"self":[{"href":"https:\/\/bundle-test2.verduyntarps.ca\/fr\/wp-json\/wp\/v2\/product\/26040","targetHints":{"allow":["GET"]}}],"collection":[{"href":"https:\/\/bundle-test2.verduyntarps.ca\/fr\/wp-json\/wp\/v2\/product"}],"about":[{"href":"https:\/\/bundle-test2.verduyntarps.ca\/fr\/wp-json\/wp\/v2\/types\/product"}],"replies":[{"embeddable":true,"href":"https:\/\/bundle-test2.verduyntarps.ca\/fr\/wp-json\/wp\/v2\/comments?post=26040"}],"wp:featuredmedia":[{"embeddable":true,"href":"https:\/\/bundle-test2.verduyntarps.ca\/fr\/wp-json\/wp\/v2\/media\/24760"}],"wp:attachment":[{"href":"https:\/\/bundle-test2.verduyntarps.ca\/fr\/wp-json\/wp\/v2\/media?parent=26040"}],"wp:term":[{"taxonomy":"product_brand","embeddable":true,"href":"https:\/\/bundle-test2.verduyntarps.ca\/fr\/wp-json\/wp\/v2\/product_brand?post=26040"},{"taxonomy":"product_cat","embeddable":true,"href":"https:\/\/bundle-test2.verduyntarps.ca\/fr\/wp-json\/wp\/v2\/product_cat?post=26040"},{"taxonomy":"product_tag","embeddable":true,"href":"https:\/\/bundle-test2.verduyntarps.ca\/fr\/wp-json\/wp\/v2\/product_tag?post=26040"}],"curies":[{"name":"wp","href":"https:\/\/api.w.org\/{rel}","templated":true}]}}