{"id":25901,"date":"2020-06-15T12:38:20","date_gmt":"2020-06-15T16:38:20","guid":{"rendered":"https:\/\/bundle-test2.verduyntarps.ca\/product\/machine-tarps-30-x-30"},"modified":"2025-03-10T03:58:30","modified_gmt":"2025-03-10T07:58:30","slug":"machine-tarps-30-x-30","status":"publish","type":"product","link":"https:\/\/bundle-test2.verduyntarps.ca\/fr\/shop\/machine-tarps-30-x-30","title":{"rendered":"B\u00e2che de machine robuste de 30 pi x 30 pi"},"content":{"rendered":"<p>Cette b\u00e2che de machinerie de 30 pi par 30 pi est dot\u00e9e de 4 rang\u00e9es d\u2019anneaux en D sur les 4 c\u00f4t\u00e9s et d\u2019une rang\u00e9e d\u2019\u0153illets sur les 4 c\u00f4t\u00e9s.<\/p>\n<p>Cette b\u00e2che est imperm\u00e9able, r\u00e9sistante \u00e0 la pourriture, aux UV et \u00e0 l\u2019huile.<br \/>\nIl est fabriqu\u00e9 \u00e0 partir d\u2019un mat\u00e9riau PVC enduit de vinyle noir robuste d\u2019une \u00e9paisseur de 20 mil et pesant 18 oz par m\u00e8tre carr\u00e9.<br \/>\nLes ourlets sont des ourlets renforc\u00e9s par une corde et une sangle. Nous utilisons des \u0153illets en laiton # 4 environ tous les 24 \u00ab&nbsp;et nous cousons en bo\u00eete l\u2019anneau en D en acier inoxydable de 2&nbsp;\u00bb. Nos anneaux en D sont livr\u00e9s avec un rabat<br \/>\nd\u2019usure Notre mat\u00e9riau en vinyle de 18 oz a une fissure \u00e0 froid de -40\u00b0C.  <\/p>\n<p>Poids de la b\u00e2che : 140 lb<\/p>\n","protected":false},"excerpt":{"rendered":"<ul>\n<li>30&#8242; de large x 30&#8242; de long<\/li>\n<li>18 onces Vinyle <\/li>\n<li>4 rang\u00e9es d\u2019anneaux en D<\/li>\n<\/ul>\n","protected":false},"featured_media":24985,"comment_status":"open","ping_status":"closed","template":"","meta":{"_acf_changed":false,"om_disable_all_campaigns":false,"site-sidebar-layout":"default","site-content-layout":"default","ast-site-content-layout":"default","site-content-style":"default","site-sidebar-style":"default","ast-global-header-display":"","ast-banner-title-visibility":"","ast-main-header-display":"","ast-hfb-above-header-display":"","ast-hfb-below-header-display":"","ast-hfb-mobile-header-display":"","site-post-title":"","ast-breadcrumbs-content":"","ast-featured-img":"","footer-sml-layout":"","ast-disable-related-posts":"","theme-transparent-header-meta":"default","adv-header-id-meta":"","stick-header-meta":"default","header-above-stick-meta":"","header-main-stick-meta":"","header-below-stick-meta":"","astra-migrate-meta-layouts":"default","ast-page-background-enabled":"default","ast-page-background-meta":{"desktop":{"background-color":"","background-image":"","background-repeat":"repeat","background-position":"center center","background-size":"auto","background-attachment":"scroll","background-type":"","background-media":"","overlay-type":"","overlay-color":"","overlay-opacity":"","overlay-gradient":""},"tablet":{"background-color":"","background-image":"","background-repeat":"repeat","background-position":"center center","background-size":"auto","background-attachment":"scroll","background-type":"","background-media":"","overlay-type":"","overlay-color":"","overlay-opacity":"","overlay-gradient":""},"mobile":{"background-color":"","background-image":"","background-repeat":"repeat","background-position":"center center","background-size":"auto","background-attachment":"scroll","background-type":"","background-media":"","overlay-type":"","overlay-color":"","overlay-opacity":"","overlay-gradient":""}},"ast-content-background-meta":{"desktop":{"background-color":"var(--ast-global-color-5)","background-image":"","background-repeat":"repeat","background-position":"center center","background-size":"auto","background-attachment":"scroll","background-type":"","background-media":"","overlay-type":"","overlay-color":"","overlay-opacity":"","overlay-gradient":""},"tablet":{"background-color":"var(--ast-global-color-5)","background-image":"","background-repeat":"repeat","background-position":"center center","background-size":"auto","background-attachment":"scroll","background-type":"","background-media":"","overlay-type":"","overlay-color":"","overlay-opacity":"","overlay-gradient":""},"mobile":{"background-color":"var(--ast-global-color-5)","background-image":"","background-repeat":"repeat","background-position":"center center","background-size":"auto","background-attachment":"scroll","background-type":"","background-media":"","overlay-type":"","overlay-color":"","overlay-opacity":"","overlay-gradient":""}}},"product_brand":[],"product_cat":[625,605],"product_tag":[],"class_list":{"0":"post-25901","1":"product","2":"type-product","3":"status-publish","4":"has-post-thumbnail","6":"product_cat-baches-de-machine-marchepied","7":"product_cat-tarps-fr","8":"desktop-align-center","9":"tablet-align-center","10":"mobile-align-center","11":"ast-product-gallery-layout-horizontal","12":"ast-product-tabs-layout-horizontal","14":"first","15":"instock","16":"taxable","17":"shipping-taxable","18":"purchasable","19":"product-type-simple"},"acf":[],"gallery_images":[24983,24490,24491,24492,24986],"_links":{"self":[{"href":"https:\/\/bundle-test2.verduyntarps.ca\/fr\/wp-json\/wp\/v2\/product\/25901","targetHints":{"allow":["GET"]}}],"collection":[{"href":"https:\/\/bundle-test2.verduyntarps.ca\/fr\/wp-json\/wp\/v2\/product"}],"about":[{"href":"https:\/\/bundle-test2.verduyntarps.ca\/fr\/wp-json\/wp\/v2\/types\/product"}],"replies":[{"embeddable":true,"href":"https:\/\/bundle-test2.verduyntarps.ca\/fr\/wp-json\/wp\/v2\/comments?post=25901"}],"wp:featuredmedia":[{"embeddable":true,"href":"https:\/\/bundle-test2.verduyntarps.ca\/fr\/wp-json\/wp\/v2\/media\/24985"}],"wp:attachment":[{"href":"https:\/\/bundle-test2.verduyntarps.ca\/fr\/wp-json\/wp\/v2\/media?parent=25901"}],"wp:term":[{"taxonomy":"product_brand","embeddable":true,"href":"https:\/\/bundle-test2.verduyntarps.ca\/fr\/wp-json\/wp\/v2\/product_brand?post=25901"},{"taxonomy":"product_cat","embeddable":true,"href":"https:\/\/bundle-test2.verduyntarps.ca\/fr\/wp-json\/wp\/v2\/product_cat?post=25901"},{"taxonomy":"product_tag","embeddable":true,"href":"https:\/\/bundle-test2.verduyntarps.ca\/fr\/wp-json\/wp\/v2\/product_tag?post=25901"}],"curies":[{"name":"wp","href":"https:\/\/api.w.org\/{rel}","templated":true}]}}