{"id":25856,"date":"2021-02-26T20:36:23","date_gmt":"2021-02-27T01:36:23","guid":{"rendered":"https:\/\/bundle-test2.verduyntarps.ca\/product\/verduyn-vault-checkerplate-headache-rack-with-chain-racks-trays-and-center-vault"},"modified":"2025-03-10T03:45:59","modified_gmt":"2025-03-10T07:45:59","slug":"verduyn-vault-checkerplate-headache-rack-with-chain-racks-trays-and-center-vault","status":"publish","type":"product","link":"https:\/\/bundle-test2.verduyntarps.ca\/fr\/shop\/verduyn-vault-checkerplate-headache-rack-with-chain-racks-trays-and-center-vault","title":{"rendered":"Verduyn Vault Checkerplate Headache Rack avec supports \u00e0 cha\u00eenes, plateaux et coffre-fort central"},"content":{"rendered":"<p>Ce porte-cabine est fabriqu\u00e9 \u00e0 partir d\u2019un alliage d\u2019aluminium de qualit\u00e9 sup\u00e9rieure \u00e0 haute r\u00e9sistance. La fonction*, la durabilit\u00e9 et l\u2019attrait visuel sont assur\u00e9s par notre contr\u00f4le de qualit\u00e9.<br \/>\nCes supports de cabine offrent d\u2019excellentes options de stockage pour vos op\u00e9rations de camionnage et d\u2019attelage largable. Nos supports de cabine peuvent \u00eatre utilis\u00e9s pour stocker des cha\u00eenes de 5\/16&nbsp;\u00bb, des cha\u00eenes de 3\/8&nbsp;\u00bb, des relieurs de cha\u00eenes, des sangles de chargement portables, des sangles en caoutchouc, des b\u00e2ches en bois, des b\u00e2ches en acier, des planches en V, des planches de calage de 4 pi, des planches de calage de 8 pi, des protections d\u2019angle, des barres de triche, des supports \u00e0 bobines, des pelles, des balais, des pneus de secours et des \u00e9chelles. Vous ne voyez pas ce dont vous avez besoin &#8211; appelez-nous pour d\u2019autres options !   <\/p>\n","protected":false},"excerpt":{"rendered":"<p>Rack Headache avec 2 supports \u00e0 cha\u00eene et 1 plateau | 68 po x 86 po<\/p>\n","protected":false},"featured_media":25034,"comment_status":"open","ping_status":"closed","template":"","meta":{"_acf_changed":false,"om_disable_all_campaigns":false,"site-sidebar-layout":"default","site-content-layout":"default","ast-site-content-layout":"default","site-content-style":"default","site-sidebar-style":"default","ast-global-header-display":"","ast-banner-title-visibility":"","ast-main-header-display":"","ast-hfb-above-header-display":"","ast-hfb-below-header-display":"","ast-hfb-mobile-header-display":"","site-post-title":"","ast-breadcrumbs-content":"","ast-featured-img":"","footer-sml-layout":"","ast-disable-related-posts":"","theme-transparent-header-meta":"default","adv-header-id-meta":"","stick-header-meta":"default","header-above-stick-meta":"","header-main-stick-meta":"","header-below-stick-meta":"","astra-migrate-meta-layouts":"default","ast-page-background-enabled":"default","ast-page-background-meta":{"desktop":{"background-color":"","background-image":"","background-repeat":"repeat","background-position":"center center","background-size":"auto","background-attachment":"scroll","background-type":"","background-media":"","overlay-type":"","overlay-color":"","overlay-opacity":"","overlay-gradient":""},"tablet":{"background-color":"","background-image":"","background-repeat":"repeat","background-position":"center center","background-size":"auto","background-attachment":"scroll","background-type":"","background-media":"","overlay-type":"","overlay-color":"","overlay-opacity":"","overlay-gradient":""},"mobile":{"background-color":"","background-image":"","background-repeat":"repeat","background-position":"center center","background-size":"auto","background-attachment":"scroll","background-type":"","background-media":"","overlay-type":"","overlay-color":"","overlay-opacity":"","overlay-gradient":""}},"ast-content-background-meta":{"desktop":{"background-color":"var(--ast-global-color-5)","background-image":"","background-repeat":"repeat","background-position":"center center","background-size":"auto","background-attachment":"scroll","background-type":"","background-media":"","overlay-type":"","overlay-color":"","overlay-opacity":"","overlay-gradient":""},"tablet":{"background-color":"var(--ast-global-color-5)","background-image":"","background-repeat":"repeat","background-position":"center center","background-size":"auto","background-attachment":"scroll","background-type":"","background-media":"","overlay-type":"","overlay-color":"","overlay-opacity":"","overlay-gradient":""},"mobile":{"background-color":"var(--ast-global-color-5)","background-image":"","background-repeat":"repeat","background-position":"center center","background-size":"auto","background-attachment":"scroll","background-type":"","background-media":"","overlay-type":"","overlay-color":"","overlay-opacity":"","overlay-gradient":""}}},"product_brand":[],"product_cat":[633,635],"product_tag":[],"class_list":{"0":"post-25856","1":"product","2":"type-product","3":"status-publish","4":"has-post-thumbnail","6":"product_cat-accessoires-pour-camions-remorques","7":"product_cat-supports-de-maux-de-tete-accessoires","8":"desktop-align-center","9":"tablet-align-center","10":"mobile-align-center","11":"ast-product-gallery-layout-horizontal","12":"ast-product-tabs-layout-horizontal","14":"first","15":"instock","16":"taxable","17":"shipping-taxable","18":"purchasable","19":"product-type-simple"},"acf":[],"gallery_images":[25035,25036,24592],"_links":{"self":[{"href":"https:\/\/bundle-test2.verduyntarps.ca\/fr\/wp-json\/wp\/v2\/product\/25856","targetHints":{"allow":["GET"]}}],"collection":[{"href":"https:\/\/bundle-test2.verduyntarps.ca\/fr\/wp-json\/wp\/v2\/product"}],"about":[{"href":"https:\/\/bundle-test2.verduyntarps.ca\/fr\/wp-json\/wp\/v2\/types\/product"}],"replies":[{"embeddable":true,"href":"https:\/\/bundle-test2.verduyntarps.ca\/fr\/wp-json\/wp\/v2\/comments?post=25856"}],"wp:featuredmedia":[{"embeddable":true,"href":"https:\/\/bundle-test2.verduyntarps.ca\/fr\/wp-json\/wp\/v2\/media\/25034"}],"wp:attachment":[{"href":"https:\/\/bundle-test2.verduyntarps.ca\/fr\/wp-json\/wp\/v2\/media?parent=25856"}],"wp:term":[{"taxonomy":"product_brand","embeddable":true,"href":"https:\/\/bundle-test2.verduyntarps.ca\/fr\/wp-json\/wp\/v2\/product_brand?post=25856"},{"taxonomy":"product_cat","embeddable":true,"href":"https:\/\/bundle-test2.verduyntarps.ca\/fr\/wp-json\/wp\/v2\/product_cat?post=25856"},{"taxonomy":"product_tag","embeddable":true,"href":"https:\/\/bundle-test2.verduyntarps.ca\/fr\/wp-json\/wp\/v2\/product_tag?post=25856"}],"curies":[{"name":"wp","href":"https:\/\/api.w.org\/{rel}","templated":true}]}}