{"id":25853,"date":"2023-11-07T11:44:05","date_gmt":"2023-11-07T16:44:05","guid":{"rendered":"https:\/\/bundle-test2.verduyntarps.ca\/product\/24-x-18-8-drops-flap-heavy-duty-lumber-tarp-blue"},"modified":"2025-03-10T03:36:30","modified_gmt":"2025-03-10T07:36:30","slug":"24-x-18-8-drops-flap-heavy-duty-lumber-tarp-blue","status":"publish","type":"product","link":"https:\/\/bundle-test2.verduyntarps.ca\/fr\/produit\/24-x-18-8-drops-flap-heavy-duty-lumber-tarp-blue","title":{"rendered":"24&#8242; x 18&#8242; (8&#8242; Drops + Rabat) Heavy Duty Lumber Tarp Blue"},"content":{"rendered":"<p>Des b\u00e2ches de transport recouvrent votre charge, la gardant propre et s\u00e8che. Ces b\u00e2ches en bois sont fabriqu\u00e9es \u00e0 partir d\u2019un mat\u00e9riau PVC enduit de vinyle robuste qui est de 18 oz par m\u00e8tre carr\u00e9, ce qui les rend imperm\u00e9ables, ainsi que r\u00e9sistants \u00e0 la pourriture, aux UV et \u00e0 l\u2019huile. Le mat\u00e9riau vinyle est class\u00e9 fissuration \u00e0 froid jusqu\u2019\u00e0 -40\u00b0C.  <\/p>\n<p>La b\u00e2che en bois mesure 24 pi de large sur 18 pi de long et est livr\u00e9e avec 4 rang\u00e9es d\u2019anneaux en D \u00e0 2 pi, 4 pi, 6 pi et 8 pi \u00e0 partir de la bordure de la b\u00e2che le long de la longueur de 18 pi. Il dispose \u00e9galement d\u2019un rabat de 8&#8217;x8&#8242; avec 4 rang\u00e9es d\u2019anneaux en D et a ajout\u00e9 des ailes de 1&#8242; sur la b\u00e2che \u00e0 plier sous le rabat pour une protection maximale. Ces b\u00e2ches peuvent \u00eatre utilis\u00e9es par paires pour couvrir des charges allant jusqu\u2019\u00e0 35 pi, comme pi\u00e8ces d\u2019extr\u00e9mit\u00e9 dans notre <a href=\"https:\/\/www.verduyntarps.com\/shop\/heavy-duty-3-piece-lumber-tarp-set-8-drops\" target=\"_blank\" rel=\"noopener\">ensemble de b\u00e2ches en bois de 3 pi\u00e8ces<\/a>, ou dans le cadre de notre <a href=\"https:\/\/www.verduyntarps.com\/shop\/heavy-duty-4-piece-lumber-tarp-set-8-drops-b-trains\" target=\"_blank\" rel=\"noopener\">ensemble de b\u00e2ches de bois de 4 pi\u00e8ces<\/a> pour B-Trains.  <\/p>\n<p>Les bordures renforc\u00e9es par des sangles et des cordes ont des \u0153illets en laiton #4 espac\u00e9s d\u2019environ 24 po. Les anneaux en D en acier inoxydable sont \u00e9galement plac\u00e9s \u00e0 environ 24 po de distance pour fournir de suffisamment d\u2019emplacements pour attacher la b\u00e2che, ce qui permet la meilleure couverture pour votre charge. De plus, chaque anneau en D cousu en bo\u00eete est dot\u00e9 d\u2019un patch d\u2019usure en vinyle sous lui pour \u00e9viter les \u00e9raflures et les d\u00e9chirures des points de connexion des sangles en caoutchouc. <\/p>\n<ul>\n<li>Taille&nbsp;: 24&#8217;L x 18&#8217;L +1&#8242; garde-boue<\/li>\n<li>Rabat : 8&#8217;x8&#8242;<\/li>\n<li>Couleur&nbsp;: Noir<\/li>\n<li>Poids 39 lb<\/li>\n<\/ul>\n<p>Vid\u00e9o d\u2019information sur l\u2019ensemble de b\u00e2che en bois de 3 pi\u00e8ces :<br \/>\n<iframe loading=\"lazy\" src=\"https:\/\/www.youtube.com\/embed\/Je51lUTWgms\" width=\"560\" height=\"315\" frameborder=\"0\" allowfullscreen=\"allowfullscreen\"><\/iframe><\/p>\n<p>Vid\u00e9o d\u2019information sur l\u2019ensemble de b\u00e2ches en bois de 4 pi\u00e8ces :<br \/>\n<iframe loading=\"lazy\" src=\"https:\/\/www.youtube.com\/embed\/StAbc7VGKVU\" width=\"560\" height=\"315\" frameborder=\"0\" allowfullscreen=\"allowfullscreen\"><\/iframe><\/p>\n","protected":false},"excerpt":{"rendered":"<ul>\n<li>24&#8242; de large x 18&#8242; de long<\/li>\n<li>Rabat de 8&#8242; de large x 8&#8242; de long<\/li>\n<li>18 onces Vinyle <\/li>\n<li>4 rang\u00e9es d\u2019anneaux en D<\/li>\n<\/ul>\n","protected":false},"featured_media":25122,"comment_status":"open","ping_status":"closed","template":"","meta":{"_acf_changed":false,"om_disable_all_campaigns":false,"site-sidebar-layout":"default","site-content-layout":"default","ast-site-content-layout":"default","site-content-style":"default","site-sidebar-style":"default","ast-global-header-display":"","ast-banner-title-visibility":"","ast-main-header-display":"","ast-hfb-above-header-display":"","ast-hfb-below-header-display":"","ast-hfb-mobile-header-display":"","site-post-title":"","ast-breadcrumbs-content":"","ast-featured-img":"","footer-sml-layout":"","ast-disable-related-posts":"","theme-transparent-header-meta":"default","adv-header-id-meta":"","stick-header-meta":"","header-above-stick-meta":"","header-main-stick-meta":"","header-below-stick-meta":"","astra-migrate-meta-layouts":"default","ast-page-background-enabled":"default","ast-page-background-meta":{"desktop":{"background-color":"","background-image":"","background-repeat":"repeat","background-position":"center center","background-size":"auto","background-attachment":"scroll","background-type":"","background-media":"","overlay-type":"","overlay-color":"","overlay-opacity":"","overlay-gradient":""},"tablet":{"background-color":"","background-image":"","background-repeat":"repeat","background-position":"center center","background-size":"auto","background-attachment":"scroll","background-type":"","background-media":"","overlay-type":"","overlay-color":"","overlay-opacity":"","overlay-gradient":""},"mobile":{"background-color":"","background-image":"","background-repeat":"repeat","background-position":"center center","background-size":"auto","background-attachment":"scroll","background-type":"","background-media":"","overlay-type":"","overlay-color":"","overlay-opacity":"","overlay-gradient":""}},"ast-content-background-meta":{"desktop":{"background-color":"var(--ast-global-color-5)","background-image":"","background-repeat":"repeat","background-position":"center center","background-size":"auto","background-attachment":"scroll","background-type":"","background-media":"","overlay-type":"","overlay-color":"","overlay-opacity":"","overlay-gradient":""},"tablet":{"background-color":"var(--ast-global-color-5)","background-image":"","background-repeat":"repeat","background-position":"center center","background-size":"auto","background-attachment":"scroll","background-type":"","background-media":"","overlay-type":"","overlay-color":"","overlay-opacity":"","overlay-gradient":""},"mobile":{"background-color":"var(--ast-global-color-5)","background-image":"","background-repeat":"repeat","background-position":"center center","background-size":"auto","background-attachment":"scroll","background-type":"","background-media":"","overlay-type":"","overlay-color":"","overlay-opacity":"","overlay-gradient":""}}},"product_brand":[],"product_cat":[608,605],"product_tag":[],"class_list":{"0":"post-25853","1":"product","2":"type-product","3":"status-publish","4":"has-post-thumbnail","6":"product_cat-baches-de-bois-doeuvre","7":"product_cat-tarps-fr","8":"desktop-align-center","9":"tablet-align-center","10":"mobile-align-center","11":"ast-product-gallery-layout-horizontal","12":"ast-product-tabs-layout-horizontal","14":"first","15":"instock","16":"taxable","17":"shipping-taxable","18":"purchasable","19":"product-type-simple"},"acf":[],"gallery_images":[18980,18985,18986],"_links":{"self":[{"href":"https:\/\/bundle-test2.verduyntarps.ca\/fr\/wp-json\/wp\/v2\/product\/25853","targetHints":{"allow":["GET"]}}],"collection":[{"href":"https:\/\/bundle-test2.verduyntarps.ca\/fr\/wp-json\/wp\/v2\/product"}],"about":[{"href":"https:\/\/bundle-test2.verduyntarps.ca\/fr\/wp-json\/wp\/v2\/types\/product"}],"replies":[{"embeddable":true,"href":"https:\/\/bundle-test2.verduyntarps.ca\/fr\/wp-json\/wp\/v2\/comments?post=25853"}],"wp:featuredmedia":[{"embeddable":true,"href":"https:\/\/bundle-test2.verduyntarps.ca\/fr\/wp-json\/wp\/v2\/media\/25122"}],"wp:attachment":[{"href":"https:\/\/bundle-test2.verduyntarps.ca\/fr\/wp-json\/wp\/v2\/media?parent=25853"}],"wp:term":[{"taxonomy":"product_brand","embeddable":true,"href":"https:\/\/bundle-test2.verduyntarps.ca\/fr\/wp-json\/wp\/v2\/product_brand?post=25853"},{"taxonomy":"product_cat","embeddable":true,"href":"https:\/\/bundle-test2.verduyntarps.ca\/fr\/wp-json\/wp\/v2\/product_cat?post=25853"},{"taxonomy":"product_tag","embeddable":true,"href":"https:\/\/bundle-test2.verduyntarps.ca\/fr\/wp-json\/wp\/v2\/product_tag?post=25853"}],"curies":[{"name":"wp","href":"https:\/\/api.w.org\/{rel}","templated":true}]}}