{"id":25812,"date":"2024-07-09T15:41:49","date_gmt":"2024-07-09T19:41:49","guid":{"rendered":"https:\/\/bundle-test2.verduyntarps.ca\/product\/lumber-carrier-set-side-mount-19-in-x-19-in"},"modified":"2025-03-10T03:32:15","modified_gmt":"2025-03-10T07:32:15","slug":"lumber-carrier-set-side-mount-19-in-x-19-in","status":"publish","type":"product","link":"https:\/\/bundle-test2.verduyntarps.ca\/fr\/shop\/lumber-carrier-set-side-mount-19-in-x-19-in","title":{"rendered":"Ensemble de transport de bois &#8211; Montage lat\u00e9ral 19 po. x 19 po."},"content":{"rendered":"","protected":false},"excerpt":{"rendered":"<p>Les supports de calage et les supports en bois embl\u00e9matiques de MetalGear sont fabriqu\u00e9s en aluminium solide et l\u00e9ger. Ce sont les solutions parfaites pour les remorques \u00e0 plateau et \u00e0 plate-forme. <\/p>\n","protected":false},"featured_media":25182,"comment_status":"open","ping_status":"closed","template":"","meta":{"_acf_changed":false,"om_disable_all_campaigns":false,"site-sidebar-layout":"default","site-content-layout":"default","ast-site-content-layout":"default","site-content-style":"default","site-sidebar-style":"default","ast-global-header-display":"","ast-banner-title-visibility":"","ast-main-header-display":"","ast-hfb-above-header-display":"","ast-hfb-below-header-display":"","ast-hfb-mobile-header-display":"","site-post-title":"","ast-breadcrumbs-content":"","ast-featured-img":"","footer-sml-layout":"","ast-disable-related-posts":"","theme-transparent-header-meta":"default","adv-header-id-meta":"","stick-header-meta":"default","header-above-stick-meta":"","header-main-stick-meta":"","header-below-stick-meta":"","astra-migrate-meta-layouts":"default","ast-page-background-enabled":"default","ast-page-background-meta":{"desktop":{"background-color":"","background-image":"","background-repeat":"repeat","background-position":"center center","background-size":"auto","background-attachment":"scroll","background-type":"","background-media":"","overlay-type":"","overlay-color":"","overlay-opacity":"","overlay-gradient":""},"tablet":{"background-color":"","background-image":"","background-repeat":"repeat","background-position":"center center","background-size":"auto","background-attachment":"scroll","background-type":"","background-media":"","overlay-type":"","overlay-color":"","overlay-opacity":"","overlay-gradient":""},"mobile":{"background-color":"","background-image":"","background-repeat":"repeat","background-position":"center center","background-size":"auto","background-attachment":"scroll","background-type":"","background-media":"","overlay-type":"","overlay-color":"","overlay-opacity":"","overlay-gradient":""}},"ast-content-background-meta":{"desktop":{"background-color":"var(--ast-global-color-5)","background-image":"","background-repeat":"repeat","background-position":"center center","background-size":"auto","background-attachment":"scroll","background-type":"","background-media":"","overlay-type":"","overlay-color":"","overlay-opacity":"","overlay-gradient":""},"tablet":{"background-color":"var(--ast-global-color-5)","background-image":"","background-repeat":"repeat","background-position":"center center","background-size":"auto","background-attachment":"scroll","background-type":"","background-media":"","overlay-type":"","overlay-color":"","overlay-opacity":"","overlay-gradient":""},"mobile":{"background-color":"var(--ast-global-color-5)","background-image":"","background-repeat":"repeat","background-position":"center center","background-size":"auto","background-attachment":"scroll","background-type":"","background-media":"","overlay-type":"","overlay-color":"","overlay-opacity":"","overlay-gradient":""}}},"product_brand":[],"product_cat":[633,639],"product_tag":[],"class_list":{"0":"post-25812","1":"product","2":"type-product","3":"status-publish","4":"has-post-thumbnail","6":"product_cat-accessoires-pour-camions-remorques","7":"product_cat-transporteurs-de-bois-doeuvre","8":"desktop-align-center","9":"tablet-align-center","10":"mobile-align-center","11":"ast-product-gallery-layout-horizontal","12":"ast-product-tabs-layout-horizontal","14":"first","15":"outofstock","16":"taxable","17":"shipping-taxable","18":"purchasable","19":"product-type-simple"},"acf":[],"gallery_images":[25183,25184,25185,25186],"_links":{"self":[{"href":"https:\/\/bundle-test2.verduyntarps.ca\/fr\/wp-json\/wp\/v2\/product\/25812","targetHints":{"allow":["GET"]}}],"collection":[{"href":"https:\/\/bundle-test2.verduyntarps.ca\/fr\/wp-json\/wp\/v2\/product"}],"about":[{"href":"https:\/\/bundle-test2.verduyntarps.ca\/fr\/wp-json\/wp\/v2\/types\/product"}],"replies":[{"embeddable":true,"href":"https:\/\/bundle-test2.verduyntarps.ca\/fr\/wp-json\/wp\/v2\/comments?post=25812"}],"wp:featuredmedia":[{"embeddable":true,"href":"https:\/\/bundle-test2.verduyntarps.ca\/fr\/wp-json\/wp\/v2\/media\/25182"}],"wp:attachment":[{"href":"https:\/\/bundle-test2.verduyntarps.ca\/fr\/wp-json\/wp\/v2\/media?parent=25812"}],"wp:term":[{"taxonomy":"product_brand","embeddable":true,"href":"https:\/\/bundle-test2.verduyntarps.ca\/fr\/wp-json\/wp\/v2\/product_brand?post=25812"},{"taxonomy":"product_cat","embeddable":true,"href":"https:\/\/bundle-test2.verduyntarps.ca\/fr\/wp-json\/wp\/v2\/product_cat?post=25812"},{"taxonomy":"product_tag","embeddable":true,"href":"https:\/\/bundle-test2.verduyntarps.ca\/fr\/wp-json\/wp\/v2\/product_tag?post=25812"}],"curies":[{"name":"wp","href":"https:\/\/api.w.org\/{rel}","templated":true}]}}